{"id":14,"date":"2015-02-16T17:38:19","date_gmt":"2015-02-16T17:38:19","guid":{"rendered":"http:\/\/kora-konstruktion.de\/?page_id=14"},"modified":"2015-06-16T14:08:35","modified_gmt":"2015-06-16T14:08:35","slug":"treppen","status":"publish","type":"page","link":"https:\/\/kora-konstruktion.de\/?page_id=14","title":{"rendered":"Innentreppen"},"content":{"rendered":"<p><img loading=\"lazy\" src=\"http:\/\/kora-konstruktion.de\/wp-content\/uploads\/2015\/06\/innentreppen.jpg\" alt=\"innentreppen\" width=\"1024\" height=\"435\" class=\"alignnone size-full wp-image-260\" srcset=\"https:\/\/kora-konstruktion.de\/wp-content\/uploads\/2015\/06\/innentreppen.jpg 1024w, https:\/\/kora-konstruktion.de\/wp-content\/uploads\/2015\/06\/innentreppen-300x127.jpg 300w\" sizes=\"(max-width: 1024px) 100vw, 1024px\" \/><\/p>\n<p>Wir fertigen Innentreppen und Handl\u00e4ufe aus Stahl oder Edelstahl. Durch die Kombination unterschiedlicher Materialien k\u00f6nnen besondere Akzente gesetzt werden.<br \/>\nDank unserer langj\u00e4hrigen Erfahrung k\u00f6nnen wir Ihnen stets das richtige Produkt anbieten.<br \/>\nFragen Sie uns &#8211; wir unterbreiten Ihnen ein passendes Angebot.<\/p>\n","protected":false},"excerpt":{"rendered":"<p>Wir fertigen Innentreppen und Handl\u00e4ufe aus Stahl oder Edelstahl. Durch die Kombination unterschiedlicher Materialien k\u00f6nnen besondere Akzente gesetzt werden. Dank unserer langj\u00e4hrigen Erfahrung k\u00f6nnen wir Ihnen stets das richtige Produkt anbieten. Fragen Sie uns &#8211; wir unterbreiten Ihnen ein passendes Angebot.<\/p>\n","protected":false},"author":1,"featured_media":0,"parent":0,"menu_order":0,"comment_status":"open","ping_status":"open","template":"","meta":[],"_links":{"self":[{"href":"https:\/\/kora-konstruktion.de\/index.php?rest_route=\/wp\/v2\/pages\/14"}],"collection":[{"href":"https:\/\/kora-konstruktion.de\/index.php?rest_route=\/wp\/v2\/pages"}],"about":[{"href":"https:\/\/kora-konstruktion.de\/index.php?rest_route=\/wp\/v2\/types\/page"}],"author":[{"embeddable":true,"href":"https:\/\/kora-konstruktion.de\/index.php?rest_route=\/wp\/v2\/users\/1"}],"replies":[{"embeddable":true,"href":"https:\/\/kora-konstruktion.de\/index.php?rest_route=%2Fwp%2Fv2%2Fcomments&post=14"}],"version-history":[{"count":9,"href":"https:\/\/kora-konstruktion.de\/index.php?rest_route=\/wp\/v2\/pages\/14\/revisions"}],"predecessor-version":[{"id":262,"href":"https:\/\/kora-konstruktion.de\/index.php?rest_route=\/wp\/v2\/pages\/14\/revisions\/262"}],"wp:attachment":[{"href":"https:\/\/kora-konstruktion.de\/index.php?rest_route=%2Fwp%2Fv2%2Fmedia&parent=14"}],"curies":[{"name":"wp","href":"https:\/\/api.w.org\/{rel}","templated":true}]}}