{"id":74,"date":"2015-02-21T13:23:18","date_gmt":"2015-02-21T13:23:18","guid":{"rendered":"http:\/\/kora-konstruktion.de\/?page_id=74"},"modified":"2015-06-28T17:46:02","modified_gmt":"2015-06-28T17:46:02","slug":"home","status":"publish","type":"page","link":"https:\/\/kora-konstruktion.de\/","title":{"rendered":"Home"},"content":{"rendered":"<p><img loading=\"lazy\" class=\"alignnone size-full wp-image-289\" src=\"http:\/\/kora-konstruktion.de\/wp-content\/uploads\/2015\/02\/home_92.jpg\" alt=\"home_92\" width=\"1000\" height=\"664\" srcset=\"https:\/\/kora-konstruktion.de\/wp-content\/uploads\/2015\/02\/home_92.jpg 1000w, https:\/\/kora-konstruktion.de\/wp-content\/uploads\/2015\/02\/home_92-300x199.jpg 300w\" sizes=\"(max-width: 1000px) 100vw, 1000px\" \/><\/p>\n<h3>Herzlich Willkommen auf unserer Internetseite!<\/h3>\n<p>Aufgrund unserer langj\u00e4hrigen Erfahrung sowie gro\u00dfer Flexibilit\u00e4t k\u00f6nnen wir umfangreiche und hochwertige Leistungen im Bereich Metalltechnik anbieten. Wir freuen uns Ihnen hier einen \u00dcberblick \u00fcber unsere Leistungen geben zu k\u00f6nnen.<\/p>\n","protected":false},"excerpt":{"rendered":"<p>Herzlich Willkommen auf unserer Internetseite! Aufgrund unserer langj\u00e4hrigen Erfahrung sowie gro\u00dfer Flexibilit\u00e4t k\u00f6nnen wir umfangreiche und hochwertige Leistungen im Bereich Metalltechnik anbieten. Wir freuen uns Ihnen hier einen \u00dcberblick \u00fcber unsere Leistungen geben zu k\u00f6nnen.<\/p>\n","protected":false},"author":1,"featured_media":0,"parent":0,"menu_order":0,"comment_status":"open","ping_status":"open","template":"","meta":[],"_links":{"self":[{"href":"https:\/\/kora-konstruktion.de\/index.php?rest_route=\/wp\/v2\/pages\/74"}],"collection":[{"href":"https:\/\/kora-konstruktion.de\/index.php?rest_route=\/wp\/v2\/pages"}],"about":[{"href":"https:\/\/kora-konstruktion.de\/index.php?rest_route=\/wp\/v2\/types\/page"}],"author":[{"embeddable":true,"href":"https:\/\/kora-konstruktion.de\/index.php?rest_route=\/wp\/v2\/users\/1"}],"replies":[{"embeddable":true,"href":"https:\/\/kora-konstruktion.de\/index.php?rest_route=%2Fwp%2Fv2%2Fcomments&post=74"}],"version-history":[{"count":11,"href":"https:\/\/kora-konstruktion.de\/index.php?rest_route=\/wp\/v2\/pages\/74\/revisions"}],"predecessor-version":[{"id":290,"href":"https:\/\/kora-konstruktion.de\/index.php?rest_route=\/wp\/v2\/pages\/74\/revisions\/290"}],"wp:attachment":[{"href":"https:\/\/kora-konstruktion.de\/index.php?rest_route=%2Fwp%2Fv2%2Fmedia&parent=74"}],"curies":[{"name":"wp","href":"https:\/\/api.w.org\/{rel}","templated":true}]}}